{"id":5274,"date":"2020-11-21T08:23:43","date_gmt":"2020-11-21T08:23:43","guid":{"rendered":"https:\/\/www.growthinvestor.ch\/?page_id=5274"},"modified":"2022-03-30T15:19:04","modified_gmt":"2022-03-30T15:19:04","slug":"nutzungsbedingungen","status":"publish","type":"page","link":"https:\/\/www.growthinvestor.ch\/de\/nutzungsbedingungen\/","title":{"rendered":"Nutzungsbedingungen"},"content":{"rendered":"<h5><strong>1. Einverst\u00e4ndnis<\/strong><\/h5>\n<p>Durch den Zugriff auf oder die Benutzung der Website www.growthinvestor.ch und deren Seiten sowie auf die darin enthaltenen oder beschriebenen Produkte, Dienstleistungen, Informationen, Tools und Unterlagen (nachstehend \u201eWebsite\u201c genannt) erkl\u00e4ren Sie, dass Sie die folgenden Nutzungsbedingungen (die \u201eNutzungsbedingungen\u201c) samt den wichtigen rechtlichen Hinweisen verstanden haben und diese vollumf\u00e4nglich akzeptieren. Falls Sie eine oder mehrere Regelungen der Nutzungsbedingungen nicht verstanden haben oder nicht akzeptieren, bitten wir Sie, die Website unverz\u00fcglich zu verlassen.<\/p>\n<h5><strong>2. Limitierter Zugang<\/strong><\/h5>\n<p>Auf diese Website d\u00fcrfen Personen nicht zugreifen, die (insbesondere aufgrund ihrer Nationalit\u00e4t und\/oder ihres Wohnsitzes) einer Rechtsordnung unterstehen, welche die Publikation des Inhalts dieser Website oder den Zugang zur Website (egal aus welchen Gr\u00fcnden) verbietet oder sonst wie regelt oder einschr\u00e4nkt. Personen, auf die diese Einschr\u00e4nkungen zutreffen, ist der Zugriff auf diese Website untersagt. Dies gilt insbesondere f\u00fcr B\u00fcrger und\/oder Einwohner der USA, Grossbritanniens und der Cayman Islands.<\/p>\n<h5><strong>3. Kein Angebot, keine Beratung<\/strong><\/h5>\n<p>Die auf dieser Website enthaltenen oder beschriebenen Informationen, Produkte, Daten, Dienstleistungen, Tools und Unterlagen (\u201eInhalte der Website\u201c) dienen zu reinen Informationszwecken und stellen weder eine Werbung oder eine Empfehlung noch ein Angebot oder eine Aufforderung zum Erwerb oder Verkauf von Anlageinstrumenten, zur T\u00e4tigung einer Transaktion oder zum Abschluss irgendeines Rechtsgesch\u00e4ftes dar.<\/p>\n<p>Die auf dieser Website erw\u00e4hnten Finanzprodukte eignen sich nicht f\u00fcr alle Anleger. Vor Ihren Anlageentscheiden empfehlen wir Ihnen die eingehende Pr\u00fcfung sowie die Beratung von einer qualifizierten Fachperson.<\/p>\n<h5><strong>4. Keine Gew\u00e4hr<\/strong><\/h5>\n<p><strong> <\/strong><strong>Jede Gew\u00e4hrleistung ist ausgeschlossen.<\/strong><\/p>\n<p>Value Investor GmbH und GrowthInvestor.ch (nachstehend &#171;Value Investor&#187; genannt) macht insbesondere auch keinerlei Zusagen und \u00fcbernimmt keinerlei Gew\u00e4hr  (weder ausdr\u00fccklich noch stillschweigend) f\u00fcr die Richtigkeit, Genauigkeit, Qualit\u00e4t, Vollst\u00e4ndigkeit, Verzugslosigkeit, Wahrheit oder Aktualit\u00e4t der auf dieser Website publizierten Informationen und Meinungen. Value Investor ist auch in keiner Art verpflichtet, veraltete Informationen oder Meinungen zu aktualisieren, von der Website zu entfernen oder entsprechend zu kennzeichnen. Die auf der Website enthaltenen Informationen und Meinungen k\u00f6nnen jederzeit ohne Ank\u00fcndigung ge\u00e4ndert werden.<\/p>\n<p>Value Investor \u00fcbernimmt zudem keine Verantwortung und leistet keine Gew\u00e4hr daf\u00fcr, dass (i) die Funktionen der Website fehlerlos und ununterbrochen zur Verf\u00fcgung stehen und (ii) die Website und andere im Rahmen des Zugriffs auf die Website benutzte Komponenten frei von sch\u00e4dlichen Elementen (insbesondere Viren) sind.<\/p>\n<h5><strong>5. Keine Haftung<\/strong><\/h5>\n<p><strong> <\/strong><strong>Jede Haftung von Value Investor ist ausgeschlossen.<\/strong><\/p>\n<p>Insbesondere haftet Value Investor in keinem Fall f\u00fcr direkte oder indirekte Sch\u00e4den oder Verluste, f\u00fcr mittelbare Sch\u00e4den, f\u00fcr Folgesch\u00e4den, f\u00fcr Datenverlust, f\u00fcr Mehraufwand oder Anspr\u00fcche Dritter, f\u00fcr entgangenen Gewinn oder nicht realisierte Einsparung sowie f\u00fcr Sch\u00e4den aus Versp\u00e4tung.<\/p>\n<p>Dies bedeutet namentlich und ohne den obenstehenden Haftungsausschluss in irgendeiner Weise zu beschr\u00e4nken den Ausschluss jeder Haftung f\u00fcr Verluste oder Sch\u00e4den irgendwelcher Art, welche direkt oder indirekt in Verbindung mit folgenden entstehen: (1) den Inhalten der Website, insbesondere deren Aktualit\u00e4t, Richtigkeit und Vollst\u00e4ndigkeit sowie Verkn\u00fcpfungen (links) oder Inhalten von Dritten; (2) Fehlern oder Unterlassungen auf oder Ausf\u00e4llen der Website; (3) der Benutzung der bzw. dem Zugriff auf die Website; (4) dem Ausfall des Zugriffs auf die bzw. der Benutzung der Website aus einem beliebigen Grund.<\/p>\n<p>Der Haftungsausschluss gilt auch in Bezug auf die Gesellschafter, Vertreter, Mitarbeiter und Auftragsnehmer von Value Investor.<\/p>\n<h5><strong>6. Eigentumsrechte<\/strong><\/h5>\n<p>Elemente auf der Website k\u00f6nnen immaterialg\u00fcterrechtlich gesch\u00fctzt sein und stehen im Eigentum von Value Investor oder Dritter.<br \/>\nDurch das Herunterladen oder Ausdrucken von Elementen der Website werden keinerlei Rechte, insbesondere keine Rechte mit Bezug auf Software, Marken oder Elemente der Website, \u00fcbertragen. Urheberrechtshinweise und Marken d\u00fcrfen weder ver\u00e4ndert noch beseitigt werden.<\/p>\n<p>Die vollst\u00e4ndige oder teilweise Reproduktion von Elementen der Website, egal in welcher Form (insbesondere elektronisch oder ausgedruckt), ist nur unter vollst\u00e4ndiger Quellenangabe zul\u00e4ssig. Eine Ver\u00f6ffentlichung von reproduzierten Elementen der Website ist nur nach vorg\u00e4ngiger schriftlicher Zustimmung durch Value Investor und unter vollst\u00e4ndiger Quellenangabe zul\u00e4ssig.<\/p>\n<h5><strong>7. Potentielle Interessenkonflikte<\/strong><\/h5>\n<p>Value Investor und\/oder deren Gesellschafter, Vertreter und Mitarbeiter haben\/hatten m\u00f6glicherweise Anteile oder Positionen bzw. handelten mit auf der Website erw\u00e4hnten Titeln. Dar\u00fcber hinaus stehen\/standen solche juristischen oder nat\u00fcrlichen Personen m\u00f6glicherweise in Beziehung mit auf der Website erw\u00e4hnten Unternehmen, stellen\/stellten diesen Unternehmen Dienstleistungen zur Verf\u00fcgung oder hatten einen Sitz in deren Gesch\u00e4ftsleitung.<\/p>\n<h5><strong>8. Performance<\/strong><\/h5>\n<p>Die zuk\u00fcnftige Performance des Anlageverm\u00f6gens l\u00e4sst sich nicht aus der vergangenen Kursentwicklung ableiten. Der Wert von Anlagen kann Schwankungen unterworfen sein, und die Anleger erhalten unter Umst\u00e4nden nicht den gesamten investierten Betrag zur\u00fcck. Auch Wechselkursschwankungen k\u00f6nnen den Wert einer Anlage steigern oder verringern.<\/p>\n<h5><strong>9. Links auf andere Websites<\/strong><\/h5>\n<p>Wenn Sie bestimmte Links auf dieser Website anklicken, verlassen Sie diese Website. Solche Links, Adressen oder Hyperlinks werden nur aus Gr\u00fcnden der Benutzerfreundlichkeit und Information zur Verf\u00fcgung gestellt. Value Investor hat keine dieser Websites, die mit growthinvestor.ch verbunden sind oder Links auf growthinvestor.ch enthalten, \u00fcberpr\u00fcft und lehnt jede Haftung f\u00fcr deren Inhalte, Produkte und Dienstleistungen oder sonstige Angebote ab. Die Nutzung von Links, die von growthinvestor.ch auf Websites Dritter f\u00fchren, erfolgt auf eigene Gefahr.<\/p>\n<h5><strong>10. Daten\u00fcbertragung und -verarbeitung<\/strong><\/h5>\n<p>Value Investor trifft Massnahmen um sicherzustellen, dass Ihre pers\u00f6nlichen Daten nicht von Dritten abgefangen werden. Wir weisen Sie dennoch darauf hin, dass bei der Benutzung dieser Website der Datenverkehr \u00fcber ein offenes, f\u00fcr Dritte zug\u00e4ngliches Netzwerk (Internet) erfolgt, welches nicht als sichere Umgebung gilt. Daten, die Sie bei der Benutzung der Website verwenden, k\u00f6nnen von Value Investor ausserhalb Ihres Domizillandes gesendet oder gespeichert werden. In diesen F\u00e4llen wird Value Investor alles daran setzen, ein angemessenes Schutzniveau f\u00fcr Ihre Daten sicherzustellen, doch es ist m\u00f6glich, dass Daten in ein Land weitergeleitet werden, in dem ein niedrigeres Datenschutzniveau als in Ihrem Domizilland vorherrscht. Value Investor \u00fcbernimmt f\u00fcr die Sicherheit Ihrer Daten w\u00e4hrend der \u00dcbermittlung via Internet keinerlei Verantwortung oder Haftung.<\/p>\n<p>Value Investor sammelt mittels dieser Website personenbezogenen Daten, welche von Ihnen zur Verf\u00fcgung gestellt werden. Value Investor beschafft und bearbeitet personenbezogene Daten nur zu internen administrativen Zwecken und gibt diese Daten nicht an Dritte weiter.<\/p>\n<h5><strong>11. \u00c4nderungen der Nutzungsbedingungen<\/strong><\/h5>\n<p>Value Investor beh\u00e4lt sich vor, diese Nutzungsbedingungen von Zeit zu Zeit zu \u00e4ndern. Wir bitten Sie deshalb, diese Nutzungsbedingungen bei jedem Zugriff auf die Website zu lesen und zu \u00fcberpr\u00fcfen, ob Sie sich auch mit der Neufassung einverstanden erkl\u00e4ren. Falls Sie eine oder mehrere Regelungen der aktuellen Nutzungsbedingungen nicht verstanden haben oder nicht akzeptieren, bitten wir Sie, die Website zu verlassen.<\/p>\n<h5><strong>12. Anwendbares Recht \/ Gerichtsstand<\/strong><\/h5>\n<p><strong>Die Benutzung der Website sowie diese Nutzungsbedingungen und rechtlichen Hinweise unterstehen schweizerischem Recht. Ausschliesslicher Gerichtsstand ist Z\u00fcrich.<\/strong><\/p>\n","protected":false},"excerpt":{"rendered":"<p>1. Einverst\u00e4ndnis Durch den Zugriff auf oder die Benutzung der Website www.growthinvestor.ch und deren Seiten sowie auf die darin enthaltenen oder beschriebenen Produkte, Dienstleistungen, Informationen, Tools und Unterlagen (nachstehend \u201eWebsite\u201c genannt) erkl\u00e4ren Sie, dass Sie die folgenden Nutzungsbedingungen (die \u201eNutzungsbedingungen\u201c) samt den wichtigen rechtlichen Hinweisen verstanden haben und diese vollumf\u00e4nglich akzeptieren. Falls Sie eine oder&#8230; <\/p>\n<div class=\"clear\"><\/div>\n<p><a href=\"https:\/\/www.growthinvestor.ch\/de\/nutzungsbedingungen\/\" class=\"excerpt-read-more\">Read More \u2192<\/a><\/p>\n","protected":false},"author":1,"featured_media":0,"parent":0,"menu_order":0,"comment_status":"closed","ping_status":"closed","template":"","meta":[],"acf":[],"yoast_head":"<!-- This site is optimized with the Yoast SEO plugin v18.9 - https:\/\/yoast.com\/wordpress\/plugins\/seo\/ -->\n<title>Nutzungsbedingungen - Growth Investor<\/title>\n<meta name=\"robots\" content=\"index, follow, max-snippet:-1, max-image-preview:large, max-video-preview:-1\" \/>\n<link rel=\"canonical\" href=\"https:\/\/www.growthinvestor.ch\/de\/nutzungsbedingungen\/\" \/>\n<meta property=\"og:locale\" content=\"de_DE\" \/>\n<meta property=\"og:type\" content=\"article\" \/>\n<meta property=\"og:title\" content=\"Nutzungsbedingungen - Growth Investor\" \/>\n<meta property=\"og:description\" content=\"1. Einverst\u00e4ndnis Durch den Zugriff auf oder die Benutzung der Website www.growthinvestor.ch und deren Seiten sowie auf die darin enthaltenen oder beschriebenen Produkte, Dienstleistungen, Informationen, Tools und Unterlagen (nachstehend \u201eWebsite\u201c genannt) erkl\u00e4ren Sie, dass Sie die folgenden Nutzungsbedingungen (die \u201eNutzungsbedingungen\u201c) samt den wichtigen rechtlichen Hinweisen verstanden haben und diese vollumf\u00e4nglich akzeptieren. Falls Sie eine oder... Read More \u2192\" \/>\n<meta property=\"og:url\" content=\"https:\/\/www.growthinvestor.ch\/de\/nutzungsbedingungen\/\" \/>\n<meta property=\"og:site_name\" content=\"Growth Investor\" \/>\n<meta property=\"article:modified_time\" content=\"2022-03-30T15:19:04+00:00\" \/>\n<meta name=\"twitter:card\" content=\"summary_large_image\" \/>\n<meta name=\"twitter:label1\" content=\"Est. reading time\" \/>\n\t<meta name=\"twitter:data1\" content=\"6 Minuten\" \/>\n<script type=\"application\/ld+json\" class=\"yoast-schema-graph\">{\"@context\":\"https:\/\/schema.org\",\"@graph\":[{\"@type\":\"WebSite\",\"@id\":\"https:\/\/www.growthinvestor.ch\/#website\",\"url\":\"https:\/\/www.growthinvestor.ch\/\",\"name\":\"Growth Investor\",\"description\":\"\",\"potentialAction\":[{\"@type\":\"SearchAction\",\"target\":{\"@type\":\"EntryPoint\",\"urlTemplate\":\"https:\/\/www.growthinvestor.ch\/?s={search_term_string}\"},\"query-input\":\"required name=search_term_string\"}],\"inLanguage\":\"de-CH\"},{\"@type\":\"WebPage\",\"@id\":\"https:\/\/www.growthinvestor.ch\/de\/nutzungsbedingungen\/#webpage\",\"url\":\"https:\/\/www.growthinvestor.ch\/de\/nutzungsbedingungen\/\",\"name\":\"Nutzungsbedingungen - Growth Investor\",\"isPartOf\":{\"@id\":\"https:\/\/www.growthinvestor.ch\/#website\"},\"datePublished\":\"2020-11-21T08:23:43+00:00\",\"dateModified\":\"2022-03-30T15:19:04+00:00\",\"breadcrumb\":{\"@id\":\"https:\/\/www.growthinvestor.ch\/de\/nutzungsbedingungen\/#breadcrumb\"},\"inLanguage\":\"de-CH\",\"potentialAction\":[{\"@type\":\"ReadAction\",\"target\":[\"https:\/\/www.growthinvestor.ch\/de\/nutzungsbedingungen\/\"]}]},{\"@type\":\"BreadcrumbList\",\"@id\":\"https:\/\/www.growthinvestor.ch\/de\/nutzungsbedingungen\/#breadcrumb\",\"itemListElement\":[{\"@type\":\"ListItem\",\"position\":1,\"name\":\"Startseite\",\"item\":\"https:\/\/www.growthinvestor.ch\/\"},{\"@type\":\"ListItem\",\"position\":2,\"name\":\"Nutzungsbedingungen\"}]}]}<\/script>\n<!-- \/ Yoast SEO plugin. -->","yoast_head_json":{"title":"Nutzungsbedingungen - Growth Investor","robots":{"index":"index","follow":"follow","max-snippet":"max-snippet:-1","max-image-preview":"max-image-preview:large","max-video-preview":"max-video-preview:-1"},"canonical":"https:\/\/www.growthinvestor.ch\/de\/nutzungsbedingungen\/","og_locale":"de_DE","og_type":"article","og_title":"Nutzungsbedingungen - Growth Investor","og_description":"1. Einverst\u00e4ndnis Durch den Zugriff auf oder die Benutzung der Website www.growthinvestor.ch und deren Seiten sowie auf die darin enthaltenen oder beschriebenen Produkte, Dienstleistungen, Informationen, Tools und Unterlagen (nachstehend \u201eWebsite\u201c genannt) erkl\u00e4ren Sie, dass Sie die folgenden Nutzungsbedingungen (die \u201eNutzungsbedingungen\u201c) samt den wichtigen rechtlichen Hinweisen verstanden haben und diese vollumf\u00e4nglich akzeptieren. Falls Sie eine oder... Read More \u2192","og_url":"https:\/\/www.growthinvestor.ch\/de\/nutzungsbedingungen\/","og_site_name":"Growth Investor","article_modified_time":"2022-03-30T15:19:04+00:00","twitter_card":"summary_large_image","twitter_misc":{"Est. reading time":"6 Minuten"},"schema":{"@context":"https:\/\/schema.org","@graph":[{"@type":"WebSite","@id":"https:\/\/www.growthinvestor.ch\/#website","url":"https:\/\/www.growthinvestor.ch\/","name":"Growth Investor","description":"","potentialAction":[{"@type":"SearchAction","target":{"@type":"EntryPoint","urlTemplate":"https:\/\/www.growthinvestor.ch\/?s={search_term_string}"},"query-input":"required name=search_term_string"}],"inLanguage":"de-CH"},{"@type":"WebPage","@id":"https:\/\/www.growthinvestor.ch\/de\/nutzungsbedingungen\/#webpage","url":"https:\/\/www.growthinvestor.ch\/de\/nutzungsbedingungen\/","name":"Nutzungsbedingungen - Growth Investor","isPartOf":{"@id":"https:\/\/www.growthinvestor.ch\/#website"},"datePublished":"2020-11-21T08:23:43+00:00","dateModified":"2022-03-30T15:19:04+00:00","breadcrumb":{"@id":"https:\/\/www.growthinvestor.ch\/de\/nutzungsbedingungen\/#breadcrumb"},"inLanguage":"de-CH","potentialAction":[{"@type":"ReadAction","target":["https:\/\/www.growthinvestor.ch\/de\/nutzungsbedingungen\/"]}]},{"@type":"BreadcrumbList","@id":"https:\/\/www.growthinvestor.ch\/de\/nutzungsbedingungen\/#breadcrumb","itemListElement":[{"@type":"ListItem","position":1,"name":"Startseite","item":"https:\/\/www.growthinvestor.ch\/"},{"@type":"ListItem","position":2,"name":"Nutzungsbedingungen"}]}]}},"_links":{"self":[{"href":"https:\/\/www.growthinvestor.ch\/de\/wp-json\/wp\/v2\/pages\/5274"}],"collection":[{"href":"https:\/\/www.growthinvestor.ch\/de\/wp-json\/wp\/v2\/pages"}],"about":[{"href":"https:\/\/www.growthinvestor.ch\/de\/wp-json\/wp\/v2\/types\/page"}],"author":[{"embeddable":true,"href":"https:\/\/www.growthinvestor.ch\/de\/wp-json\/wp\/v2\/users\/1"}],"replies":[{"embeddable":true,"href":"https:\/\/www.growthinvestor.ch\/de\/wp-json\/wp\/v2\/comments?post=5274"}],"version-history":[{"count":2,"href":"https:\/\/www.growthinvestor.ch\/de\/wp-json\/wp\/v2\/pages\/5274\/revisions"}],"predecessor-version":[{"id":5622,"href":"https:\/\/www.growthinvestor.ch\/de\/wp-json\/wp\/v2\/pages\/5274\/revisions\/5622"}],"wp:attachment":[{"href":"https:\/\/www.growthinvestor.ch\/de\/wp-json\/wp\/v2\/media?parent=5274"}],"curies":[{"name":"wp","href":"https:\/\/api.w.org\/{rel}","templated":true}]}}